{"id":34152,"date":"2026-02-26T09:51:58","date_gmt":"2026-02-26T09:51:58","guid":{"rendered":"https:\/\/development.wg-siebketten.de\/bezahlmoeglichkeiten\/"},"modified":"2026-02-26T09:51:59","modified_gmt":"2026-02-26T09:51:59","slug":"bezahlmoeglichkeiten","status":"publish","type":"page","link":"https:\/\/development.wg-siebketten.de\/de\/bezahlmoeglichkeiten\/","title":{"rendered":"Zahlungsarten"},"content":{"rendered":"<div class=\"woocommerce woocommerce-gzd\">\n\t<ul class=\"payment_methods methods\">\n\t\t\t\t\t<li class=\"payment_method_invoice\">\n\t\t\t\t<label>Rechnung<\/label>\n\t\t\t\t\t\t\t\t\t<div class=\"payment_box payment_method_invoice\">\n\t\t\t\t\t\t<p>Nach Abschluss Ihrer Bestellung erhalten Sie von uns eine separate Auftragsbest\u00e4tigung sowie Ihre Rechnung per E-Mail. Mit dieser Best\u00e4tigung wird der Kaufvertrag wirksam geschlossen. Wir bereiten Ihren Versand anschlie\u00dfend unmittelbar f\u00fcr den angegebenen Zeitraum vor.<\/p>\n\t\t\t\t\t<\/div>\n\t\t\t\t\t\t\t<\/li>\n\t\t\t<\/ul>\n<\/div>\n","protected":false},"excerpt":{"rendered":"","protected":false},"author":11,"featured_media":0,"parent":0,"menu_order":0,"comment_status":"closed","ping_status":"closed","template":"","meta":{"_acf_changed":false,"inline_featured_image":false,"footnotes":""},"class_list":["post-34152","page","type-page","status-publish","hentry"],"acf":[],"_links":{"self":[{"href":"https:\/\/development.wg-siebketten.de\/de\/wp-json\/wp\/v2\/pages\/34152","targetHints":{"allow":["GET"]}}],"collection":[{"href":"https:\/\/development.wg-siebketten.de\/de\/wp-json\/wp\/v2\/pages"}],"about":[{"href":"https:\/\/development.wg-siebketten.de\/de\/wp-json\/wp\/v2\/types\/page"}],"author":[{"embeddable":true,"href":"https:\/\/development.wg-siebketten.de\/de\/wp-json\/wp\/v2\/users\/11"}],"replies":[{"embeddable":true,"href":"https:\/\/development.wg-siebketten.de\/de\/wp-json\/wp\/v2\/comments?post=34152"}],"version-history":[{"count":0,"href":"https:\/\/development.wg-siebketten.de\/de\/wp-json\/wp\/v2\/pages\/34152\/revisions"}],"wp:attachment":[{"href":"https:\/\/development.wg-siebketten.de\/de\/wp-json\/wp\/v2\/media?parent=34152"}],"curies":[{"name":"wp","href":"https:\/\/api.w.org\/{rel}","templated":true}]}}