{"id":34151,"date":"2026-02-26T09:51:57","date_gmt":"2026-02-26T09:51:57","guid":{"rendered":"https:\/\/development.wg-siebketten.de\/versandarten\/"},"modified":"2026-03-30T13:17:52","modified_gmt":"2026-03-30T13:17:52","slug":"versandarten","status":"publish","type":"page","link":"https:\/\/development.wg-siebketten.de\/de\/versandarten\/","title":{"rendered":"Versandarten"},"content":{"rendered":"\n<h2 class=\"wp-block-heading\">Lieferzeiten<\/h2>\n\n\n\n<p>Zeit zum Verpacken, wenn auf Lager 1 -2 Tage<br>Wenn nicht am Lager ca. 2 Wochen<\/p>\n\n\n\n<h2 class=\"wp-block-heading\">Versandkosten<\/h2>\n\n\n\n<p>Versandkosten DE bis 25kg\u00a0\u00a0\u00a0\u00a0\u00a0\u00a0\u00a0\u00a0\u00a0 \u00a0\u00a0\u00a0\u00a0\u00a0\u00a0\u00a0\u00a0\u00a0\u00a0\u00a0\u00a0\u00a0\u00a0\u00a0 10\u20ac + MwSt.<\/p>\n\n\n\n<p>Ab 25kg\u00a0\u00a0\u00a0\u00a0\u00a0\u00a0\u00a0\u00a0\u00a0\u00a0\u00a0\u00a0\u00a0\u00a0\u00a0\u00a0\u00a0\u00a0\u00a0\u00a0\u00a0\u00a0\u00a0\u00a0\u00a0\u00a0\u00a0\u00a0\u00a0\u00a0\u00a0\u00a0\u00a0\u00a0\u00a0\u00a0\u00a0\u00a0\u00a0\u00a0\u00a0\u00a0\u00a0\u00a0\u00a0\u00a0 \u00a0\u00a0\u00a0\u00a0\u00a0\u00a0\u00a0\u00a0\u00a010\u20ac + 25\u20ac (\u00dcberma\u00df) + MwSt.<\/p>\n\n\n\n<p>Versand \u00d6sterreich bis 25kg\u00a0\u00a0\u00a0\u00a0\u00a0\u00a0\u00a0\u00a0\u00a0\u00a0\u00a0\u00a0\u00a0\u00a0\u00a0\u00a0\u00a0\u00a0\u00a0\u00a0  \u00a0\u00a0 35\u20ac + MwSt.<\/p>\n\n\n\n<p>Ab 25kg\u00a0\u00a0\u00a0\u00a0\u00a0\u00a0\u00a0\u00a0\u00a0\u00a0\u00a0\u00a0\u00a0\u00a0\u00a0\u00a0\u00a0\u00a0\u00a0\u00a0\u00a0\u00a0\u00a0\u00a0\u00a0\u00a0\u00a0\u00a0\u00a0\u00a0\u00a0\u00a0\u00a0\u00a0\u00a0\u00a0\u00a0\u00a0\u00a0\u00a0\u00a0\u00a0\u00a0\u00a0\u00a0\u00a0 \u00a0\u00a0\u00a0\u00a0\u00a0\u00a0\u00a0\u00a0\u00a0 35\u20ac + 25\u20ac (\u00dcberma\u00df) + MwSt.<\/p>\n","protected":false},"excerpt":{"rendered":"<p>Lieferzeiten Zeit zum Verpacken, wenn auf Lager 1 -2 TageWenn nicht am Lager ca. 2 Wochen Versandkosten Versandkosten DE bis 25kg\u00a0\u00a0\u00a0\u00a0\u00a0\u00a0\u00a0\u00a0\u00a0 \u00a0\u00a0\u00a0\u00a0\u00a0\u00a0\u00a0\u00a0\u00a0\u00a0\u00a0\u00a0\u00a0\u00a0\u00a0 10\u20ac + MwSt. Ab 25kg\u00a0\u00a0\u00a0\u00a0\u00a0\u00a0\u00a0\u00a0\u00a0\u00a0\u00a0\u00a0\u00a0\u00a0\u00a0\u00a0\u00a0\u00a0\u00a0\u00a0\u00a0\u00a0\u00a0\u00a0\u00a0\u00a0\u00a0\u00a0\u00a0\u00a0\u00a0\u00a0\u00a0\u00a0\u00a0\u00a0\u00a0\u00a0\u00a0\u00a0\u00a0\u00a0\u00a0\u00a0\u00a0\u00a0 \u00a0\u00a0\u00a0\u00a0\u00a0\u00a0\u00a0\u00a0\u00a010\u20ac + 25\u20ac (\u00dcberma\u00df) + MwSt. Versand \u00d6sterreich bis 25kg\u00a0\u00a0\u00a0\u00a0\u00a0\u00a0\u00a0\u00a0\u00a0\u00a0\u00a0\u00a0\u00a0\u00a0\u00a0\u00a0\u00a0\u00a0\u00a0\u00a0 \u00a0\u00a0 35\u20ac + MwSt. Ab 25kg\u00a0\u00a0\u00a0\u00a0\u00a0\u00a0\u00a0\u00a0\u00a0\u00a0\u00a0\u00a0\u00a0\u00a0\u00a0\u00a0\u00a0\u00a0\u00a0\u00a0\u00a0\u00a0\u00a0\u00a0\u00a0\u00a0\u00a0\u00a0\u00a0\u00a0\u00a0\u00a0\u00a0\u00a0\u00a0\u00a0\u00a0\u00a0\u00a0\u00a0\u00a0\u00a0\u00a0\u00a0\u00a0\u00a0 \u00a0\u00a0\u00a0\u00a0\u00a0\u00a0\u00a0\u00a0\u00a0 35\u20ac + 25\u20ac (\u00dcberma\u00df) + MwSt.<\/p>\n","protected":false},"author":11,"featured_media":0,"parent":0,"menu_order":0,"comment_status":"closed","ping_status":"closed","template":"","meta":{"_acf_changed":false,"inline_featured_image":false,"footnotes":""},"class_list":["post-34151","page","type-page","status-publish","hentry"],"acf":[],"_links":{"self":[{"href":"https:\/\/development.wg-siebketten.de\/de\/wp-json\/wp\/v2\/pages\/34151","targetHints":{"allow":["GET"]}}],"collection":[{"href":"https:\/\/development.wg-siebketten.de\/de\/wp-json\/wp\/v2\/pages"}],"about":[{"href":"https:\/\/development.wg-siebketten.de\/de\/wp-json\/wp\/v2\/types\/page"}],"author":[{"embeddable":true,"href":"https:\/\/development.wg-siebketten.de\/de\/wp-json\/wp\/v2\/users\/11"}],"replies":[{"embeddable":true,"href":"https:\/\/development.wg-siebketten.de\/de\/wp-json\/wp\/v2\/comments?post=34151"}],"version-history":[{"count":1,"href":"https:\/\/development.wg-siebketten.de\/de\/wp-json\/wp\/v2\/pages\/34151\/revisions"}],"predecessor-version":[{"id":35243,"href":"https:\/\/development.wg-siebketten.de\/de\/wp-json\/wp\/v2\/pages\/34151\/revisions\/35243"}],"wp:attachment":[{"href":"https:\/\/development.wg-siebketten.de\/de\/wp-json\/wp\/v2\/media?parent=34151"}],"curies":[{"name":"wp","href":"https:\/\/api.w.org\/{rel}","templated":true}]}}